{"id":3,"date":"2025-01-15T12:14:27","date_gmt":"2025-01-15T12:14:27","guid":{"rendered":"https:\/\/recibeunacarta.asociacionconi.org\/?page_id=3"},"modified":"2025-03-01T11:15:56","modified_gmt":"2025-03-01T11:15:56","slug":"politica-privacidad","status":"publish","type":"page","link":"https:\/\/recibeunacarta.asociacionconi.org\/en\/politica-privacidad\/","title":{"rendered":"Pol\u00edtica de Protecci\u00f3n de Datos y Privacidad"},"content":{"rendered":"\n<p>Asociaci\u00f3n CONI es consciente de lo importante que es para el usuario la protecci\u00f3n y privacidad de la informaci\u00f3n que nos facilita al interactuar con nuestro sitio web,&nbsp;<a href=\"https:\/\/asociacionconi.org\/\">www.asociacionconi.org<\/a>. Por eso quiere, en primer lugar, agradecerle la confianza depositada en ella, y en segundo, mantenerle informado de las medidas que emplea para asegurarle que la informaci\u00f3n que suministra se preserva bajo las condiciones de protecci\u00f3n y privacidad que exige la ley.<\/p>\n\n\n\n<p>Tambi\u00e9n le recuerda que, al navegar por este sitio web el usuario est\u00e1 aceptando la pol\u00edtica de protecci\u00f3n y privacidad de datos, por lo que si al leerla, no estuviera de acuerdo con ella, le recomienda que no contin\u00fae navegando por este sitio web.<\/p>\n\n\n\n<p>En todo caso, podr\u00e1 resolver cualquier duda al respecto poni\u00e9ndose en contacto con Asociaci\u00f3n CONI a trav\u00e9s de la direcci\u00f3n de correo electr\u00f3nico<\/p>\n\n\n\n<p><a href=\"mailto:comunicacion@asociacionconi.org\">comunicacion@asociacionconi.org<\/a>&nbsp;o en el n\u00famero de tel\u00e9fono&nbsp;627984823.<br>&nbsp;<\/p>\n\n\n\n<h3 class=\"wp-block-heading\"><strong>Qu\u00e9 tipo de informaci\u00f3n y datos se recogen<\/strong><\/h3>\n\n\n\n<p>Asociaci\u00f3n CONI, como titular de&nbsp;<a href=\"https:\/\/asociacionconi.org\/\">asociacionconi.org<\/a>&nbsp;obtiene y conserva del usuario dos tipos de informaci\u00f3n y datos:&nbsp;(1)&nbsp;la informaci\u00f3n de navegaci\u00f3n a trav\u00e9s del sitio web, de car\u00e1cter an\u00f3nimo y que no puede ser asociada a un usuario concreto e identificado, y&nbsp;(2)&nbsp;los datos relacionados con la prestaci\u00f3n de servicios que realiza el sitio web, que son de car\u00e1cter personal y cuentan con las garant\u00edas exigidas por la ley en t\u00e9rminos de protecci\u00f3n y privacidad. A continuaci\u00f3n se detalla de forma m\u00e1s sencilla:<\/p>\n\n\n\n<p>(1) Informaci\u00f3n sobre la navegaci\u00f3n del usuario en el sitio web. Se obtienen y conservan los siguientes tipos de datos:<\/p>\n\n\n\n<p>El nombre de dominio del proveedor (PSI) y\/o direcci\u00f3n IP&nbsp;que les da acceso a la red. Por ejemplo, un usuario del proveedor \u201cX\u201d s\u00f3lo estar\u00e1 identificado con el dominio xxx.es y\/o la direcci\u00f3n IP. De esta manera se elaboran estad\u00edsticas sobre los pa\u00edses y servidores que visitan m\u00e1s a menudo nuestras webs.<\/p>\n\n\n\n<ul class=\"wp-block-list\">\n<li>La fecha y hora de acceso a nuestra web.&nbsp;Permite averiguar las horas de m\u00e1s afluencia, y hacer los ajustes precisos para evitar problemas de saturaci\u00f3n en horas punta.<\/li>\n\n\n\n<li>La direcci\u00f3n de Internet desde la que parti\u00f3 el link que dirige a esta web.&nbsp;Gracias a este dato, se conocer la efectividad de los distintos banners y enlaces que apuntan al servidor que aloja la web, con el fin de potenciar los que ofrezcan mejores resultados.<\/li>\n\n\n\n<li>El n\u00famero de visitantes diarios de cada p\u00e1gina.&nbsp;Permite conocer las \u00e1reas de m\u00e1s \u00e9xito y aumentar y mejorar su contenido, con el fin de que los usuarios obtengan un resultado m\u00e1s satisfactorio.<\/li>\n<\/ul>\n\n\n\n<p>(2) Datos personales:<br>Por otro lado, Asociaci\u00f3n CONI obtiene y conserva datos personales del usuario cuando \u00e9ste quiere hacer uso de alguno de los servicios que presta el sitio web o desea recibir informaci\u00f3n sobre la actividad de la organizaci\u00f3n. El tipo de datos que se solicitan al usuario en este caso son los necesarios para llevar a cabo nuestro servicio con calidad y se garantiza al usuario que su uso es exclusivo para la finalidad indicada.<br>&nbsp;<\/p>\n\n\n\n<h3 class=\"wp-block-heading\"><strong>D\u00f3nde se almacenan los datos<\/strong><\/h3>\n\n\n\n<p>Tal y como dispone la Ley Org\u00e1nica 15\/1999, de 13 de diciembre, de Protecci\u00f3n de Datos de Car\u00e1cter Personal (\u201cLOPD\u201d), se informa al usuario que los datos personales que se facilitan durante la navegaci\u00f3n y registro en el sitio web se incorporan a ficheros de datos inscritos, como corresponde, en la Agencia Espa\u00f1ola de Protecci\u00f3n de Datos bajo la titularidad de Asociaci\u00f3n CONI, cuyo CIF es: G-86079696.<br>&nbsp;<\/p>\n\n\n\n<h3 class=\"wp-block-heading\"><strong>Para qu\u00e9 se requieren<\/strong><\/h3>\n\n\n\n<p>Los datos que se requieren son los m\u00ednimos que se necesitan para poder prestar al usuario el servicio solicitado y para mantenerle informado, por diversos canales de comunicaci\u00f3n, sobre cuestiones relativas a la actividad de&nbsp;<a href=\"https:\/\/asociacionconi.org\/\">asociacionconi.org<\/a>.<br>Dentro de estas prestaciones de servicio se encuentran tambi\u00e9n las acciones que se llevan a cabo para que, si lo desea, la aportaci\u00f3n que realiza a trav\u00e9s del sitio web quede sujeta a desgravaci\u00f3n fiscal.<\/p>\n\n\n\n<p>Del mismo modo, si en alg\u00fan momento, alguna comunicaci\u00f3n que le llega como usuario a trav\u00e9s de su correo electr\u00f3nico o sms sobre<a href=\"https:\/\/asociacionconi.org\/\">&nbsp;asociacionconi.org<\/a>, y para lo que ya se solicit\u00f3 previamente su consentimiento&nbsp;expreso, ya no la considera interesante, tal y como establece la ley 34\/2002 de 11 de julio de Servicios de Sociedad de Informaci\u00f3n y de Comercio Electr\u00f3nico, podr\u00e1 dejar de recibirla en cualquier momento haciendo llegar su decisi\u00f3n a trav\u00e9s de la direcci\u00f3n de correo electr\u00f3nico:&nbsp;<a href=\"mailto:comunicacion@asociaciacionconi.org\">comunicacion@asociaciacionconi.org<\/a>.<br>En ning\u00fan caso, y como se ha mencionado anteriormente, se usar\u00e1n los datos del usuario para una finalidad distinta a las que aqu\u00ed se contemplan.<\/p>\n\n\n\n<h3 class=\"wp-block-heading\"><strong>Tratamiento seguro<\/strong><\/h3>\n\n\n\n<p>&nbsp;Los datos que se requieren al usuario son los denominados de car\u00e1cter identificativo y su tratamiento se lleva bajo las medidas de seguridad necesarias y exigidas por esta ley, tanto t\u00e9cnicas como organizativas.<\/p>\n\n\n\n<h3 class=\"wp-block-heading\"><strong>No se ceden a terceros<\/strong>&nbsp;<\/h3>\n\n\n\n<p>Asociaci\u00f3n CONI asegura la confidencialidad de los datos que aporta el usuario y garantiza que en ning\u00fan caso van a ser cedidos a terceros.<br>En el caso de las donaciones, por ejemplo, la entidad bancaria que realiza las transacciones econ\u00f3micas s\u00f3lo tiene acceso a estos datos \u00fanica y exclusivamente para el cumplimiento de estos fines.<\/p>\n\n\n\n<h3 class=\"wp-block-heading\"><strong>Derecho de acceso, rectificaci\u00f3n, cancelaci\u00f3n y oposici\u00f3n<\/strong>&nbsp;<\/h3>\n\n\n\n<p>Se informa al usuario de la posibilidad de ejercer, en cualquier momento, los derechos de acceso, rectificaci\u00f3n, cancelaci\u00f3n y oposici\u00f3n de sus datos de car\u00e1cter personal poni\u00e9ndose en contacto con Asociaci\u00f3n CONI a trav\u00e9s de la direcci\u00f3n de correo electr\u00f3nico&nbsp;<a href=\"mailto:comunicacion@asociacionconi.org\">comunicacion@asociacionconi.org<\/a>&nbsp;o mandando una solicitud escrita y firmada, acompa\u00f1ada de Documento de Identidad, dirigida a Asociaci\u00f3n CONI, C\/Duque de Sesto 50, 28009 Madrid, Espa\u00f1a.<\/p>\n\n\n\n<h3 class=\"wp-block-heading\"><strong>Veracidad de los datos<\/strong>&nbsp;<\/h3>\n\n\n\n<p>Es responsabilidad del usuario que la informaci\u00f3n y los datos personales que nos facilita sean exactos, veraces y est\u00e9n actualizados. Asociaci\u00f3n CONI se reserva la facultad de dar de baja a aquellos usuarios de los que sospeche que han podido introducir datos falsos, inexactos o que induzcan a error.<br>Si por alguna circunstancia la informaci\u00f3n referida hubiera sufrido alguna modificaci\u00f3n se solicita se comunique a Asociaci\u00f3n CONI por las v\u00edas descritas anteriormente, para poder dar un servicio de mejor calidad.<\/p>\n\n\n\n<h3 class=\"wp-block-heading\"><strong>Pol\u00edtica de protecci\u00f3n de menores de edad<\/strong><\/h3>\n\n\n\n<p>El acceso y uso de la p\u00e1gina web de Asociaci\u00f3n CONI est\u00e1 prohibido a los usuarios menores de 14 a\u00f1os que no cuenten con la autorizaci\u00f3n legal necesaria de sus padres o tutores legales, de manera que mediante el registro y aceptaci\u00f3n de los presentes T\u00e9rminos y Condiciones de Uso manifiestas ser mayor de 14 a\u00f1os o, en su caso, contar con la mencionada autorizaci\u00f3n previa, asumiendo cualquier responsabilidad derivada de esta manifestaci\u00f3n. No obstante, Asociaci\u00f3n CONI podr\u00e1 ponerse en contacto contigo, en cualquier momento, para verificar tu edad y solicitarte a tal efecto un documento acreditativo oficial, as\u00ed como, en su caso, la correspondiente autorizaci\u00f3n de tus padres o tutores legales. En el caso de que la mencionada documentaci\u00f3n no nos sea facilitada, Asociaci\u00f3n CONI podr\u00e1 proceder a la cancelaci\u00f3n de tus datos de conformidad con las disposiciones de protecci\u00f3n de datos aplicables.<\/p>\n\n\n\n<p>Asociaci\u00f3n CONI es titular de todas las im\u00e1genes fotogr\u00e1ficas y de v\u00eddeo enviadas a Asociaci\u00f3n CONI, y cuenta con la correspondiente autorizaci\u00f3n escrita de los padres o tutores legales de las im\u00e1genes de menores de edad para su publicaci\u00f3n.<\/p>\n\n\n\n<p><\/p>\n","protected":false},"excerpt":{"rendered":"<p>Asociaci\u00f3n CONI es consciente de lo importante que es para el usuario la protecci\u00f3n y privacidad de la informaci\u00f3n que nos facilita al interactuar con nuestro sitio web,&nbsp;www.asociacionconi.org. Por eso quiere, en primer lugar, agradecerle la confianza depositada en ella, y en segundo, mantenerle informado de las medidas que emplea para asegurarle que la informaci\u00f3n [&hellip;]<\/p>\n","protected":false},"author":1,"featured_media":0,"parent":0,"menu_order":0,"comment_status":"closed","ping_status":"open","template":"","meta":{"om_disable_all_campaigns":false,"footnotes":""},"class_list":["post-3","page","type-page","status-publish","hentry"],"blocksy_meta":{"has_hero_section":"default","hero_elements":[{"id":"custom_title","enabled":true,"heading_tag":"h1","title":"Inicio","__id":"LGqvI-1ZqBcLYscydnY1P"},{"id":"custom_description","enabled":true,"description_visibility":{"desktop":true,"tablet":true,"mobile":false},"__id":"om327n0G03lakdqHe2CfU"},{"id":"custom_meta","enabled":false,"meta_elements":[{"id":"author","enabled":true,"label":"Por","has_author_avatar":"yes","avatar_size":25},{"id":"post_date","enabled":true,"label":"El","date_format_source":"default","date_format":"M j, Y"},{"id":"updated_date","enabled":false,"label":"El","date_format_source":"default","date_format":"M j, Y"},{"id":"categories","enabled":false,"label":"En","style":"simple"},{"id":"comments","enabled":true}],"page_meta_elements":{"joined":true,"articles_count":true,"comments":true},"__id":"px9x0jFvEj2o3ExLsSwIN"},{"id":"breadcrumbs","enabled":false,"__id":"BZoRdhLgHe0nSDb-UFuEf"}],"styles_descriptor":{"styles":{"desktop":"","tablet":"","mobile":""},"google_fonts":[],"version":6}},"yoast_head":"<!-- This site is optimized with the Yoast SEO plugin v26.6 - https:\/\/yoast.com\/wordpress\/plugins\/seo\/ -->\n<title>Pol\u00edtica de Protecci\u00f3n de Datos y Privacidad - Recibe una carta | Coni<\/title>\n<meta name=\"robots\" content=\"index, follow, max-snippet:-1, max-image-preview:large, max-video-preview:-1\" \/>\n<link rel=\"canonical\" href=\"https:\/\/recibeunacarta.asociacionconi.org\/en\/politica-privacidad\/\" \/>\n<meta property=\"og:locale\" content=\"en_US\" \/>\n<meta property=\"og:locale:alternate\" content=\"es_ES\" \/>\n<meta property=\"og:type\" content=\"article\" \/>\n<meta property=\"og:title\" content=\"Pol\u00edtica de Protecci\u00f3n de Datos y Privacidad - Recibe una carta | Coni\" \/>\n<meta property=\"og:description\" content=\"Asociaci\u00f3n CONI es consciente de lo importante que es para el usuario la protecci\u00f3n y privacidad de la informaci\u00f3n que nos facilita al interactuar con nuestro sitio web,&nbsp;www.asociacionconi.org. Por eso quiere, en primer lugar, agradecerle la confianza depositada en ella, y en segundo, mantenerle informado de las medidas que emplea para asegurarle que la informaci\u00f3n [&hellip;]\" \/>\n<meta property=\"og:url\" content=\"https:\/\/recibeunacarta.asociacionconi.org\/en\/politica-privacidad\/\" \/>\n<meta property=\"og:site_name\" content=\"Recibe una carta | Coni\" \/>\n<meta property=\"article:modified_time\" content=\"2025-03-01T11:15:56+00:00\" \/>\n<meta name=\"twitter:card\" content=\"summary_large_image\" \/>\n<meta name=\"twitter:label1\" content=\"Est. reading time\" \/>\n\t<meta name=\"twitter:data1\" content=\"6 minutes\" \/>\n<script type=\"application\/ld+json\" class=\"yoast-schema-graph\">{\"@context\":\"https:\/\/schema.org\",\"@graph\":[{\"@type\":\"WebPage\",\"@id\":\"https:\/\/recibeunacarta.asociacionconi.org\/politica-privacidad\/\",\"url\":\"https:\/\/recibeunacarta.asociacionconi.org\/politica-privacidad\/\",\"name\":\"Pol\u00edtica de Protecci\u00f3n de Datos y Privacidad - Recibe una carta | Coni\",\"isPartOf\":{\"@id\":\"https:\/\/recibeunacarta.asociacionconi.org\/#website\"},\"datePublished\":\"2025-01-15T12:14:27+00:00\",\"dateModified\":\"2025-03-01T11:15:56+00:00\",\"breadcrumb\":{\"@id\":\"https:\/\/recibeunacarta.asociacionconi.org\/politica-privacidad\/#breadcrumb\"},\"inLanguage\":\"en-US\",\"potentialAction\":[{\"@type\":\"ReadAction\",\"target\":[\"https:\/\/recibeunacarta.asociacionconi.org\/politica-privacidad\/\"]}]},{\"@type\":\"BreadcrumbList\",\"@id\":\"https:\/\/recibeunacarta.asociacionconi.org\/politica-privacidad\/#breadcrumb\",\"itemListElement\":[{\"@type\":\"ListItem\",\"position\":1,\"name\":\"Portada\",\"item\":\"https:\/\/recibeunacarta.asociacionconi.org\/\"},{\"@type\":\"ListItem\",\"position\":2,\"name\":\"Pol\u00edtica de Protecci\u00f3n de Datos y Privacidad\"}]},{\"@type\":\"WebSite\",\"@id\":\"https:\/\/recibeunacarta.asociacionconi.org\/#website\",\"url\":\"https:\/\/recibeunacarta.asociacionconi.org\/\",\"name\":\"Recibe una carta | Coni\",\"description\":\"\",\"publisher\":{\"@id\":\"https:\/\/recibeunacarta.asociacionconi.org\/#organization\"},\"potentialAction\":[{\"@type\":\"SearchAction\",\"target\":{\"@type\":\"EntryPoint\",\"urlTemplate\":\"https:\/\/recibeunacarta.asociacionconi.org\/?s={search_term_string}\"},\"query-input\":{\"@type\":\"PropertyValueSpecification\",\"valueRequired\":true,\"valueName\":\"search_term_string\"}}],\"inLanguage\":\"en-US\"},{\"@type\":\"Organization\",\"@id\":\"https:\/\/recibeunacarta.asociacionconi.org\/#organization\",\"name\":\"Recibe una carta | Coni\",\"url\":\"https:\/\/recibeunacarta.asociacionconi.org\/\",\"logo\":{\"@type\":\"ImageObject\",\"inLanguage\":\"en-US\",\"@id\":\"https:\/\/recibeunacarta.asociacionconi.org\/#\/schema\/logo\/image\/\",\"url\":\"https:\/\/recibeunacarta.asociacionconi.org\/wp-content\/uploads\/2025\/01\/CONI-Logo-trasparente-10cm-72.png-1.webp\",\"contentUrl\":\"https:\/\/recibeunacarta.asociacionconi.org\/wp-content\/uploads\/2025\/01\/CONI-Logo-trasparente-10cm-72.png-1.webp\",\"width\":180,\"height\":55,\"caption\":\"Recibe una carta | Coni\"},\"image\":{\"@id\":\"https:\/\/recibeunacarta.asociacionconi.org\/#\/schema\/logo\/image\/\"}}]}<\/script>\n<!-- \/ Yoast SEO plugin. -->","yoast_head_json":{"title":"Pol\u00edtica de Protecci\u00f3n de Datos y Privacidad - Recibe una carta | Coni","robots":{"index":"index","follow":"follow","max-snippet":"max-snippet:-1","max-image-preview":"max-image-preview:large","max-video-preview":"max-video-preview:-1"},"canonical":"https:\/\/recibeunacarta.asociacionconi.org\/en\/politica-privacidad\/","og_locale":"en_US","og_type":"article","og_title":"Pol\u00edtica de Protecci\u00f3n de Datos y Privacidad - Recibe una carta | Coni","og_description":"Asociaci\u00f3n CONI es consciente de lo importante que es para el usuario la protecci\u00f3n y privacidad de la informaci\u00f3n que nos facilita al interactuar con nuestro sitio web,&nbsp;www.asociacionconi.org. Por eso quiere, en primer lugar, agradecerle la confianza depositada en ella, y en segundo, mantenerle informado de las medidas que emplea para asegurarle que la informaci\u00f3n [&hellip;]","og_url":"https:\/\/recibeunacarta.asociacionconi.org\/en\/politica-privacidad\/","og_site_name":"Recibe una carta | Coni","article_modified_time":"2025-03-01T11:15:56+00:00","twitter_card":"summary_large_image","twitter_misc":{"Est. reading time":"6 minutes"},"schema":{"@context":"https:\/\/schema.org","@graph":[{"@type":"WebPage","@id":"https:\/\/recibeunacarta.asociacionconi.org\/politica-privacidad\/","url":"https:\/\/recibeunacarta.asociacionconi.org\/politica-privacidad\/","name":"Pol\u00edtica de Protecci\u00f3n de Datos y Privacidad - Recibe una carta | Coni","isPartOf":{"@id":"https:\/\/recibeunacarta.asociacionconi.org\/#website"},"datePublished":"2025-01-15T12:14:27+00:00","dateModified":"2025-03-01T11:15:56+00:00","breadcrumb":{"@id":"https:\/\/recibeunacarta.asociacionconi.org\/politica-privacidad\/#breadcrumb"},"inLanguage":"en-US","potentialAction":[{"@type":"ReadAction","target":["https:\/\/recibeunacarta.asociacionconi.org\/politica-privacidad\/"]}]},{"@type":"BreadcrumbList","@id":"https:\/\/recibeunacarta.asociacionconi.org\/politica-privacidad\/#breadcrumb","itemListElement":[{"@type":"ListItem","position":1,"name":"Portada","item":"https:\/\/recibeunacarta.asociacionconi.org\/"},{"@type":"ListItem","position":2,"name":"Pol\u00edtica de Protecci\u00f3n de Datos y Privacidad"}]},{"@type":"WebSite","@id":"https:\/\/recibeunacarta.asociacionconi.org\/#website","url":"https:\/\/recibeunacarta.asociacionconi.org\/","name":"Recibe una carta | Coni","description":"","publisher":{"@id":"https:\/\/recibeunacarta.asociacionconi.org\/#organization"},"potentialAction":[{"@type":"SearchAction","target":{"@type":"EntryPoint","urlTemplate":"https:\/\/recibeunacarta.asociacionconi.org\/?s={search_term_string}"},"query-input":{"@type":"PropertyValueSpecification","valueRequired":true,"valueName":"search_term_string"}}],"inLanguage":"en-US"},{"@type":"Organization","@id":"https:\/\/recibeunacarta.asociacionconi.org\/#organization","name":"Recibe una carta | Coni","url":"https:\/\/recibeunacarta.asociacionconi.org\/","logo":{"@type":"ImageObject","inLanguage":"en-US","@id":"https:\/\/recibeunacarta.asociacionconi.org\/#\/schema\/logo\/image\/","url":"https:\/\/recibeunacarta.asociacionconi.org\/wp-content\/uploads\/2025\/01\/CONI-Logo-trasparente-10cm-72.png-1.webp","contentUrl":"https:\/\/recibeunacarta.asociacionconi.org\/wp-content\/uploads\/2025\/01\/CONI-Logo-trasparente-10cm-72.png-1.webp","width":180,"height":55,"caption":"Recibe una carta | Coni"},"image":{"@id":"https:\/\/recibeunacarta.asociacionconi.org\/#\/schema\/logo\/image\/"}}]}},"_links":{"self":[{"href":"https:\/\/recibeunacarta.asociacionconi.org\/en\/wp-json\/wp\/v2\/pages\/3","targetHints":{"allow":["GET"]}}],"collection":[{"href":"https:\/\/recibeunacarta.asociacionconi.org\/en\/wp-json\/wp\/v2\/pages"}],"about":[{"href":"https:\/\/recibeunacarta.asociacionconi.org\/en\/wp-json\/wp\/v2\/types\/page"}],"author":[{"embeddable":true,"href":"https:\/\/recibeunacarta.asociacionconi.org\/en\/wp-json\/wp\/v2\/users\/1"}],"replies":[{"embeddable":true,"href":"https:\/\/recibeunacarta.asociacionconi.org\/en\/wp-json\/wp\/v2\/comments?post=3"}],"version-history":[{"count":2,"href":"https:\/\/recibeunacarta.asociacionconi.org\/en\/wp-json\/wp\/v2\/pages\/3\/revisions"}],"predecessor-version":[{"id":1025,"href":"https:\/\/recibeunacarta.asociacionconi.org\/en\/wp-json\/wp\/v2\/pages\/3\/revisions\/1025"}],"wp:attachment":[{"href":"https:\/\/recibeunacarta.asociacionconi.org\/en\/wp-json\/wp\/v2\/media?parent=3"}],"curies":[{"name":"wp","href":"https:\/\/api.w.org\/{rel}","templated":true}]}}